{"id":15456,"date":"2022-09-13T08:13:14","date_gmt":"2022-09-13T06:13:14","guid":{"rendered":"https:\/\/prohuis.nl\/les-bonnes-causes\/"},"modified":"2023-09-15T08:41:57","modified_gmt":"2023-09-15T06:41:57","slug":"les-bonnes-causes","status":"publish","type":"page","link":"https:\/\/www.prohuis.nl\/fr\/les-bonnes-causes\/","title":{"rendered":"Les bonnes causes"},"content":{"rendered":"\t\t<div data-elementor-type=\"wp-page\" data-elementor-id=\"15456\" class=\"elementor elementor-15456 elementor-7058\" data-elementor-post-type=\"page\">\n\t\t\t\t\t\t<section class=\"elementor-section elementor-top-section elementor-element elementor-element-9618060 elementor-section-boxed elementor-section-height-default elementor-section-height-default\" data-id=\"9618060\" data-element_type=\"section\" data-e-type=\"section\" data-settings=\"{&quot;jet_parallax_layout_list&quot;:[]}\">\n\t\t\t\t\t\t<div class=\"elementor-container elementor-column-gap-default\">\n\t\t\t\t\t<div class=\"elementor-column elementor-col-100 elementor-top-column elementor-element elementor-element-f9d0e22\" data-id=\"f9d0e22\" data-element_type=\"column\" data-e-type=\"column\">\n\t\t\t<div class=\"elementor-widget-wrap elementor-element-populated\">\n\t\t\t\t\t\t<div class=\"elementor-element elementor-element-cd7d3b4 lineB elementor-widget elementor-widget-heading\" data-id=\"cd7d3b4\" data-element_type=\"widget\" data-e-type=\"widget\" data-widget_type=\"heading.default\">\n\t\t\t\t<div class=\"elementor-widget-container\">\n\t\t\t\t\t<h1 class=\"elementor-heading-title elementor-size-default\">Les bonnes causes<\/h1>\t\t\t\t<\/div>\n\t\t\t\t<\/div>\n\t\t\t\t<div class=\"elementor-element elementor-element-f7b327c elementor-widget elementor-widget-text-editor\" data-id=\"f7b327c\" data-element_type=\"widget\" data-e-type=\"widget\" data-widget_type=\"text-editor.default\">\n\t\t\t\t<div class=\"elementor-widget-container\">\n\t\t\t\t\t\t\t\t\t<p>Notre d\u00e9vouement va au-del\u00e0 des projets de construction sur lesquels nous travaillons chaque jour. Nous trouvons<br \/>il est \u00e9galement essentiel de contribuer \u00e0 une soci\u00e9t\u00e9 meilleure. Pour cette raison, nous soutenons<br \/>diff\u00e9rents organismes de bienfaisance. Vous pouvez voir ci-dessous lesquelles.<\/p>\n\t\t\t\t\t\t\t\t<\/div>\n\t\t\t\t<\/div>\n\t\t\t\t<div class=\"elementor-element elementor-element-be4ead3 elementor-grid-1 elementor-grid-tablet-2 elementor-grid-mobile-1 elementor-widget elementor-widget-loop-grid\" data-id=\"be4ead3\" data-element_type=\"widget\" data-e-type=\"widget\" data-settings=\"{&quot;template_id&quot;:20714,&quot;columns&quot;:1,&quot;_skin&quot;:&quot;post&quot;,&quot;columns_tablet&quot;:&quot;2&quot;,&quot;columns_mobile&quot;:&quot;1&quot;,&quot;edit_handle_selector&quot;:&quot;[data-elementor-type=\\&quot;loop-item\\&quot;]&quot;,&quot;row_gap&quot;:{&quot;unit&quot;:&quot;px&quot;,&quot;size&quot;:&quot;&quot;,&quot;sizes&quot;:[]},&quot;row_gap_tablet&quot;:{&quot;unit&quot;:&quot;px&quot;,&quot;size&quot;:&quot;&quot;,&quot;sizes&quot;:[]},&quot;row_gap_mobile&quot;:{&quot;unit&quot;:&quot;px&quot;,&quot;size&quot;:&quot;&quot;,&quot;sizes&quot;:[]}}\" data-widget_type=\"loop-grid.post\">\n\t\t\t\t<div class=\"elementor-widget-container\">\n\t\t\t\t\t\t\t<div class=\"e-loop-nothing-found-message\">\n\t\t<\/div>\n\t\t\t\t\t\t<\/div>\n\t\t\t\t<\/div>\n\t\t\t\t<section class=\"elementor-section elementor-inner-section elementor-element elementor-element-ff4aa6a elementor-section-boxed elementor-section-height-default elementor-section-height-default\" data-id=\"ff4aa6a\" data-element_type=\"section\" data-e-type=\"section\" data-settings=\"{&quot;jet_parallax_layout_list&quot;:[]}\">\n\t\t\t\t\t\t<div class=\"elementor-container elementor-column-gap-default\">\n\t\t\t\t\t<div class=\"elementor-column elementor-col-50 elementor-inner-column elementor-element elementor-element-0779359\" data-id=\"0779359\" data-element_type=\"column\" data-e-type=\"column\">\n\t\t\t<div class=\"elementor-widget-wrap elementor-element-populated\">\n\t\t\t\t\t\t<div class=\"elementor-element elementor-element-d15c9f6 elementor-widget elementor-widget-text-editor\" data-id=\"d15c9f6\" data-element_type=\"widget\" data-e-type=\"widget\" data-widget_type=\"text-editor.default\">\n\t\t\t\t<div class=\"elementor-widget-container\">\n\t\t\t\t\t\t\t\t\t<h2 style=\"text-align: center;\">H\u00f4pital pour enfants Sophia<\/h2>\n<p>Attention \u00e0 la nouvelle g\u00e9n\u00e9ration. C&rsquo;est l\u00e0 le c\u0153ur de ProHuis. Nous sommes fiers de notre partenariat avec l&rsquo;h\u00f4pital pour enfants Sophia. L&rsquo;h\u00f4pital pour enfants Erasmus MC Sophia est un monde universitaire o\u00f9 les soins aux patients, la recherche et l&rsquo;enseignement vont de pair. O\u00f9 les enfants occupent une place centrale. L&rsquo;h\u00f4pital pour enfants Sophia est le plus ancien h\u00f4pital pour enfants des Pays-Bas, puisqu&rsquo;il a vu le jour \u00e0 Rotterdam en 1863.<\/p>\n\t\t\t\t\t\t\t\t<\/div>\n\t\t\t\t<\/div>\n\t\t\t\t\t<\/div>\n\t\t<\/div>\n\t\t\t\t<div class=\"elementor-column elementor-col-50 elementor-inner-column elementor-element elementor-element-76a2c5e\" data-id=\"76a2c5e\" data-element_type=\"column\" data-e-type=\"column\">\n\t\t\t<div class=\"elementor-widget-wrap elementor-element-populated\">\n\t\t\t\t\t\t<div class=\"elementor-element elementor-element-d04a9be elementor-widget elementor-widget-image\" data-id=\"d04a9be\" data-element_type=\"widget\" data-e-type=\"widget\" data-widget_type=\"image.default\">\n\t\t\t\t<div class=\"elementor-widget-container\">\n\t\t\t\t\t\t\t\t\t\t\t\t\t\t\t<img fetchpriority=\"high\" decoding=\"async\" width=\"300\" height=\"195\" src=\"https:\/\/www.prohuis.nl\/wp-content\/uploads\/2022\/12\/111-scaled-1-300x195.jpg\" class=\"attachment-medium size-medium wp-image-18471\" alt=\"Sophia Kinderziekenhuis\" srcset=\"https:\/\/www.prohuis.nl\/wp-content\/uploads\/2022\/12\/111-scaled-1-300x195.jpg 300w, https:\/\/www.prohuis.nl\/wp-content\/uploads\/2022\/12\/111-scaled-1-1024x665.jpg 1024w, https:\/\/www.prohuis.nl\/wp-content\/uploads\/2022\/12\/111-scaled-1-768x499.jpg 768w, https:\/\/www.prohuis.nl\/wp-content\/uploads\/2022\/12\/111-scaled-1-1536x998.jpg 1536w, https:\/\/www.prohuis.nl\/wp-content\/uploads\/2022\/12\/111-scaled-1.jpg 1662w\" sizes=\"(max-width: 300px) 100vw, 300px\" \/>\t\t\t\t\t\t\t\t\t\t\t\t\t\t\t<\/div>\n\t\t\t\t<\/div>\n\t\t\t\t\t<\/div>\n\t\t<\/div>\n\t\t\t\t\t<\/div>\n\t\t<\/section>\n\t\t\t\t<section class=\"elementor-section elementor-inner-section elementor-element elementor-element-0adc0b1 elementor-section-boxed elementor-section-height-default elementor-section-height-default\" data-id=\"0adc0b1\" data-element_type=\"section\" data-e-type=\"section\" data-settings=\"{&quot;jet_parallax_layout_list&quot;:[]}\">\n\t\t\t\t\t\t<div class=\"elementor-container elementor-column-gap-default\">\n\t\t\t\t\t<div class=\"elementor-column elementor-col-50 elementor-inner-column elementor-element elementor-element-b5ba952\" data-id=\"b5ba952\" data-element_type=\"column\" data-e-type=\"column\">\n\t\t\t<div class=\"elementor-widget-wrap elementor-element-populated\">\n\t\t\t\t\t\t<div class=\"elementor-element elementor-element-da723ad elementor-widget elementor-widget-image\" data-id=\"da723ad\" data-element_type=\"widget\" data-e-type=\"widget\" data-widget_type=\"image.default\">\n\t\t\t\t<div class=\"elementor-widget-container\">\n\t\t\t\t\t\t\t\t\t\t\t\t\t\t\t<img decoding=\"async\" width=\"300\" height=\"200\" src=\"https:\/\/www.prohuis.nl\/wp-content\/uploads\/2022\/12\/zorgboerderijgb13-300x200.jpg\" class=\"attachment-medium size-medium wp-image-18476\" alt=\"Zorgboerderij Giersbergen\" srcset=\"https:\/\/www.prohuis.nl\/wp-content\/uploads\/2022\/12\/zorgboerderijgb13-300x200.jpg 300w, https:\/\/www.prohuis.nl\/wp-content\/uploads\/2022\/12\/zorgboerderijgb13-768x511.jpg 768w, https:\/\/www.prohuis.nl\/wp-content\/uploads\/2022\/12\/zorgboerderijgb13.jpg 800w\" sizes=\"(max-width: 300px) 100vw, 300px\" \/>\t\t\t\t\t\t\t\t\t\t\t\t\t\t\t<\/div>\n\t\t\t\t<\/div>\n\t\t\t\t\t<\/div>\n\t\t<\/div>\n\t\t\t\t<div class=\"elementor-column elementor-col-50 elementor-inner-column elementor-element elementor-element-27cab69\" data-id=\"27cab69\" data-element_type=\"column\" data-e-type=\"column\">\n\t\t\t<div class=\"elementor-widget-wrap elementor-element-populated\">\n\t\t\t\t\t\t<div class=\"elementor-element elementor-element-05b8e85 elementor-widget elementor-widget-text-editor\" data-id=\"05b8e85\" data-element_type=\"widget\" data-e-type=\"widget\" data-widget_type=\"text-editor.default\">\n\t\t\t\t<div class=\"elementor-widget-container\">\n\t\t\t\t\t\t\t\t\t<h2 style=\"text-align: center;\">Ferme de soins Giersbergen<\/h2>\n<p>Dans une ferme de soins extr\u00eamement atmosph\u00e9rique \u00e0 Giersbergen, les personnes \u00e2g\u00e9es peuvent profiter de diverses activit\u00e9s. Au bord des dunes de Drunense, les personnes \u00e2g\u00e9es profitent du grand jardin (potager), de l&rsquo;\u00e9tang et de diverses sortes de petit b\u00e9tail et de chevaux. Avec le soutien de ProHuis, Zorgboerderij Griesbergen peut faire ce qu&rsquo;elle fait de mieux. Fournir des soins de qualit\u00e9 aux personnes \u00e2g\u00e9es.<\/p>\t\t\t\t\t\t\t\t<\/div>\n\t\t\t\t<\/div>\n\t\t\t\t\t<\/div>\n\t\t<\/div>\n\t\t\t\t\t<\/div>\n\t\t<\/section>\n\t\t\t\t\t<\/div>\n\t\t<\/div>\n\t\t\t\t\t<\/div>\n\t\t<\/section>\n\t\t\t\t<\/div>\n\t\t","protected":false},"excerpt":{"rendered":"<p>Les bonnes causes Notre d\u00e9vouement va au-del\u00e0 des projets de construction sur lesquels nous travaillons chaque jour. Nous trouvonsil est \u00e9galement essentiel de contribuer \u00e0 une soci\u00e9t\u00e9 meilleure. Pour cette raison, nous soutenonsdiff\u00e9rents organismes de bienfaisance. Vous pouvez voir ci-dessous lesquelles. H\u00f4pital pour enfants Sophia Attention \u00e0 la nouvelle g\u00e9n\u00e9ration. C&rsquo;est l\u00e0 le c\u0153ur de &#8230; <a title=\"Les bonnes causes\" class=\"read-more\" href=\"https:\/\/www.prohuis.nl\/fr\/les-bonnes-causes\/\" aria-label=\"En savoir plus sur Les bonnes causes\">Lire la suite<\/a><\/p>\n","protected":false},"author":1,"featured_media":0,"parent":0,"menu_order":0,"comment_status":"closed","ping_status":"closed","template":"elementor_header_footer","meta":{"footnotes":""},"class_list":["post-15456","page","type-page","status-publish"],"_links":{"self":[{"href":"https:\/\/www.prohuis.nl\/fr\/wp-json\/wp\/v2\/pages\/15456","targetHints":{"allow":["GET"]}}],"collection":[{"href":"https:\/\/www.prohuis.nl\/fr\/wp-json\/wp\/v2\/pages"}],"about":[{"href":"https:\/\/www.prohuis.nl\/fr\/wp-json\/wp\/v2\/types\/page"}],"author":[{"embeddable":true,"href":"https:\/\/www.prohuis.nl\/fr\/wp-json\/wp\/v2\/users\/1"}],"replies":[{"embeddable":true,"href":"https:\/\/www.prohuis.nl\/fr\/wp-json\/wp\/v2\/comments?post=15456"}],"version-history":[{"count":5,"href":"https:\/\/www.prohuis.nl\/fr\/wp-json\/wp\/v2\/pages\/15456\/revisions"}],"predecessor-version":[{"id":20759,"href":"https:\/\/www.prohuis.nl\/fr\/wp-json\/wp\/v2\/pages\/15456\/revisions\/20759"}],"wp:attachment":[{"href":"https:\/\/www.prohuis.nl\/fr\/wp-json\/wp\/v2\/media?parent=15456"}],"curies":[{"name":"wp","href":"https:\/\/api.w.org\/{rel}","templated":true}]}}