{"id":15504,"date":"2022-09-13T11:53:28","date_gmt":"2022-09-13T09:53:28","guid":{"rendered":"https:\/\/prohuis.nl\/landingsside\/"},"modified":"2024-03-19T15:45:46","modified_gmt":"2024-03-19T14:45:46","slug":"landingsside","status":"publish","type":"page","link":"https:\/\/www.prohuis.nl\/da\/landingsside\/","title":{"rendered":"B\u00e6redygtighed"},"content":{"rendered":"\t\t<div data-elementor-type=\"wp-page\" data-elementor-id=\"15504\" class=\"elementor elementor-15504 elementor-7125\" data-elementor-post-type=\"page\">\n\t\t\t\t\t\t<section class=\"elementor-section elementor-top-section elementor-element elementor-element-4d7e7c84 elementor-section-boxed elementor-section-height-default elementor-section-height-default\" data-id=\"4d7e7c84\" data-element_type=\"section\" data-e-type=\"section\" data-settings=\"{&quot;jet_parallax_layout_list&quot;:[]}\">\n\t\t\t\t\t\t<div class=\"elementor-container elementor-column-gap-default\">\n\t\t\t\t\t<div class=\"elementor-column elementor-col-100 elementor-top-column elementor-element elementor-element-7dd2cc23\" data-id=\"7dd2cc23\" data-element_type=\"column\" data-e-type=\"column\">\n\t\t\t<div class=\"elementor-widget-wrap elementor-element-populated\">\n\t\t\t\t\t\t<div class=\"elementor-element elementor-element-703a4ccb elementor-widget elementor-widget-text-editor\" data-id=\"703a4ccb\" data-element_type=\"widget\" data-e-type=\"widget\" data-widget_type=\"text-editor.default\">\n\t\t\t\t<div class=\"elementor-widget-container\">\n\t\t\t\t\t\t\t\t\t<h2 class=\"MsoNormal\"><span style=\"color: #ffffff;\"><strong>Vi bygger morgendagens fremtid i dag.<\/strong><\/span><\/h2>\n<p class=\"MsoNormal\"><span style=\"color: #ffffff;\">P\u00e5 jagt efter den optimale balance mellem innovation og b\u00e6redygtighed,  <\/span><br \/><span style=\"color: #ffffff;\">effektivitet og milj\u00f8? Vi er ProHuis, den b\u00e6redygtige bygherre for  <\/span><span style=\"color: #ffffff;\">fremtiden og opbygger af den f\u00f8rste cirkul\u00e6re erhvervspark!  <\/span><\/p>\n\t\t\t\t\t\t\t\t<\/div>\n\t\t\t\t<\/div>\n\t\t\t\t\t<\/div>\n\t\t<\/div>\n\t\t\t\t\t<\/div>\n\t\t<\/section>\n\t\t\t\t<\/div>\n\t\t","protected":false},"excerpt":{"rendered":"<p>Vi bygger morgendagens fremtid i dag. P\u00e5 jagt efter den optimale balance mellem innovation og b\u00e6redygtighed, effektivitet og milj\u00f8? Vi er ProHuis, den b\u00e6redygtige bygherre for fremtiden og opbygger af den f\u00f8rste cirkul\u00e6re erhvervspark!<\/p>\n","protected":false},"author":1,"featured_media":0,"parent":0,"menu_order":0,"comment_status":"closed","ping_status":"closed","template":"","meta":{"footnotes":""},"class_list":["post-15504","page","type-page","status-publish"],"_links":{"self":[{"href":"https:\/\/www.prohuis.nl\/da\/wp-json\/wp\/v2\/pages\/15504","targetHints":{"allow":["GET"]}}],"collection":[{"href":"https:\/\/www.prohuis.nl\/da\/wp-json\/wp\/v2\/pages"}],"about":[{"href":"https:\/\/www.prohuis.nl\/da\/wp-json\/wp\/v2\/types\/page"}],"author":[{"embeddable":true,"href":"https:\/\/www.prohuis.nl\/da\/wp-json\/wp\/v2\/users\/1"}],"replies":[{"embeddable":true,"href":"https:\/\/www.prohuis.nl\/da\/wp-json\/wp\/v2\/comments?post=15504"}],"version-history":[{"count":5,"href":"https:\/\/www.prohuis.nl\/da\/wp-json\/wp\/v2\/pages\/15504\/revisions"}],"predecessor-version":[{"id":23451,"href":"https:\/\/www.prohuis.nl\/da\/wp-json\/wp\/v2\/pages\/15504\/revisions\/23451"}],"wp:attachment":[{"href":"https:\/\/www.prohuis.nl\/da\/wp-json\/wp\/v2\/media?parent=15504"}],"curies":[{"name":"wp","href":"https:\/\/api.w.org\/{rel}","templated":true}]}}